{"id":15708,"date":"2016-04-20T17:49:46","date_gmt":"2016-04-20T15:49:46","guid":{"rendered":"https:\/\/new.claudiademkura.com\/ueber-mich\/"},"modified":"2025-07-24T10:13:37","modified_gmt":"2025-07-24T08:13:37","slug":"ueber-mich","status":"publish","type":"page","link":"https:\/\/claudiademkura.com\/de\/ueber-mich\/","title":{"rendered":"\u00dcber mich"},"content":{"rendered":"<div id=\"pl-15708\"  class=\"panel-layout\" ><div id=\"pg-15708-0\"  class=\"panel-grid panel-has-style\" ><div class=\"panel-row-style panel-row-style-for-15708-0\" ><div id=\"pgc-15708-0-0\"  class=\"panel-grid-cell\" ><div id=\"panel-15708-0-0-0\" class=\"so-panel widget widget_text panel-first-child panel-last-child\" data-index=\"0\" ><div class=\"panel-widget-style panel-widget-style-for-15708-0-0-0\" ><h3 class=\"widget-title\">Hallo, mein Name ist Claudia<\/h3>\t\t\t<div class=\"textwidget\"><br>\nIch bin Spezialistin f\u00fcr zweisprachige\/mehrsprachige Erziehung und musikalische F\u00f6rderung von Kleinkindern, ich singe vom ersten Moment an, wenn ich aufwache, und ich bin ein B\u00fccherwurm und liebe das Schreiben und Geschichtenerz\u00e4hlen.\n<br>\n<br>\nIch bin nicht nur Lehrerin und Lehrerausbilderin, sondern auch Mutter von zwei mehrsprachigen Kindern, die die f\u00fcnf Sprachen, die sie sprechen, gerne lernen und weiterentwickeln.\n<br>\n<br>\nMeine Arbeit besteht darin, dir zu helfen, die Sprache deiner Kinder\/Sch\u00fcler auf ganzheitliche Weise durch Emotionen zu entwickeln und ihnen sinnvolle Lernsituationen zu bieten.\n<\/div>\n\t\t<\/div><\/div><\/div><div id=\"pgc-15708-0-1\"  class=\"panel-grid-cell\" ><div id=\"panel-15708-0-1-0\" class=\"so-panel widget widget_single-images panel-first-child panel-last-child\" data-index=\"1\" ><div class=\"thim-widget-single-images template-base\"><div class=\"single-image text-left\"><img src =\"https:\/\/claudiademkura.com\/wp-content\/uploads\/2020\/02\/81B398DA-D437-4228-BD5B-6BFF402D7293-scaled.jpeg\" width=\"1920\" height=\"2560\" alt=\"\"\/><\/div><\/div><\/div><\/div><\/div><\/div><div id=\"pg-15708-1\"  class=\"panel-grid panel-has-style\" ><div class=\"siteorigin-panels-stretch panel-row-style panel-row-style-for-15708-1\" data-stretch-type=\"full\" ><div id=\"pgc-15708-1-0\"  class=\"panel-grid-cell\" ><div id=\"panel-15708-1-0-0\" class=\"so-panel widget widget_heading panel-first-child panel-last-child\" data-index=\"2\" ><div class=\"panel-widget-style panel-widget-style-for-15708-1-0-0\" ><div class=\"thim-widget-heading template-base\"><div class=\"sc_heading   text-center\"><h3 style=\"color:#333333;font-size:32px;font-weight:500;font-style:inherit;line-height:40px;\" class=\"title\">MI <strong>EXPERIENCIA<\/strong><\/h3><span class=\"line\"><\/span><\/div><\/div><\/div><\/div><\/div><\/div><\/div><div id=\"pg-15708-2\"  class=\"panel-grid panel-has-style\" ><div class=\"siteorigin-panels-stretch panel-row-style panel-row-style-for-15708-2\" data-stretch-type=\"full\" ><div id=\"pgc-15708-2-0\"  class=\"panel-grid-cell\" ><div id=\"panel-15708-2-0-0\" class=\"so-panel widget widget_text panel-first-child panel-last-child\" data-index=\"3\" >\t\t\t<div class=\"textwidget\"><p>Ich habe 15 Jahre Erfahrung in der zweisprachigen Erziehung und musikalischen Fr\u00fchf\u00f6rderung in Workshops f\u00fcr Eltern und Kinder, viele weitere Jahre in der Ausbildung von Erwachsenen in Deutschland und der Schweiz.<br \/>\n2016 ver\u00f6ffentlichte ich mein erstes Buch mit der Idee, Eltern und Lehrern zu helfen, die Sprache ihrer Kinder durch Musik, Bewegung und Geschichten zu entwickeln.<br \/>\nDieses Buch wurde 2017 als Bibliographie f\u00fcr das Thema &#8222;Spanischunterricht f\u00fcr Kinder und Jugendliche&#8220; in den Masterstudiengang Didaktik des Spanischen als Fremdsprache an der renommierten Universit\u00e4t Nebrija in Spanien aufgenommen.<br \/>\nAu\u00dferdem bin ich Autorin von zweisprachigen Kinderb\u00fcchern und Sprachf\u00f6rdermaterialien.<\/p>\n<p>Seit 2013 biete ich Weiterbildungskurse f\u00fcr Eltern und Erzieherinnen, Beratung und Coaching zur Gr\u00fcndung\/Entwicklung von Spielgruppen in Ronda redonda und seit 2017 in spanischer Sprache im ELECI-Raum an, den ich mit Marcela Friztler teile.<br \/>\nSeit 2018 bin ich zudem Praktikantin im Nachdiplomstudiengang Fr\u00fchkindliche Bildungsp\u00e4dagogik in Musik und Bewegung an der P\u00e4dagogischen Hochschule St. Gallen (Schweiz).<\/p>\n<p>Meine Ausbildung, mein Wissen und meine Erfahrung waren der Schl\u00fcssel zum Erfolg meines Buches, meiner Workshops zur Sprachstimulation und meiner Weiterbildungskurse. Ich lade dich ein, meine Erfahrung und mein Wissen zu nutzen, um die Bildung deiner Kinder\/Sch\u00fcler und die Art und Weise, wie du die Bildung in deiner Einrichtung angehst, zu ver\u00e4ndern.<\/p>\n<\/div>\n\t\t<\/div><\/div><div id=\"pgc-15708-2-1\"  class=\"panel-grid-cell\" ><div id=\"panel-15708-2-1-0\" class=\"so-panel widget widget_text panel-first-child panel-last-child\" data-index=\"4\" ><div class=\"thim-list-text panel-widget-style panel-widget-style-for-15708-2-1-0\" ><h3 class=\"widget-title\">Was biete ich dir an?<\/h3>\t\t\t<div class=\"textwidget\"><ul>\n<li>Hilfe bei der Wahl einer Erziehungs-\/Lehrmethode, die zu deinen Kindern\/Sch\u00fclern und deinen M\u00f6glichkeiten passt.<\/li>\n<li>Praktische und einfache \u00dcbungen, die unmittelbar nach jeder Sitzung durchgef\u00fchrt werden k\u00f6nnen.<\/li>\n<li>Beobachtung der Fortschritte und Anpassung der Aufgaben an die Bed\u00fcrfnisse<\/li>\n<li>Entwicklung von Arbeits-\/Lehrpl\u00e4nen f\u00fcr Institutionen.<\/li>\n<li>Ma\u00dfgeschneiderte Weiterbildungen f\u00fcr dich, deine Familie oder deine Institution<\/li>\n<\/ul><\/div>\n\t\t<\/div><\/div><\/div><\/div><\/div><div id=\"pg-15708-3\"  class=\"panel-grid panel-has-style\" ><div class=\"thim-bg-overlay siteorigin-panels-stretch panel-row-style panel-row-style-for-15708-3\" data-stretch-type=\"full-width-stretch\" ><div id=\"pgc-15708-3-0\"  class=\"panel-grid-cell panel-grid-cell-empty\" ><\/div><\/div><\/div><div id=\"pg-15708-4\"  class=\"panel-grid panel-no-style\" ><div id=\"pgc-15708-4-0\"  class=\"panel-grid-cell\" ><div id=\"panel-15708-4-0-0\" class=\"so-panel widget widget_heading panel-first-child\" data-index=\"5\" ><div class=\"thim-widget-heading template-base\"><div class=\"sc_heading   text-center\"><h3 style=\"color:#333333;font-size:32px;font-weight:500;font-style:inherit;line-height:40px;\" class=\"title\">Mi <strong>Formaci\u00f3n<\/strong><\/h3><p class=\"sub-heading\" style=\"\">Aqu\u00ed puedes ver mi formaci\u00f3n acad\u00e9mica<\/p><span class=\"line\"><\/span><\/div><\/div><\/div><div id=\"panel-15708-4-0-1\" class=\"so-panel widget widget_text\" data-index=\"6\" ><div class=\"thim-list-text panel-widget-style panel-widget-style-for-15708-4-0-1\" ><h3 class=\"widget-title\">Akademischer Hintergrund<\/h3>\t\t\t<div class=\"textwidget\"><ul>\n<b>In Argentinien:<\/b>\n<li>Konservatorium Juli\u00e1n Aguirre : Grundkurs Gitarre<\/li>\n<li>Konservatorium Manuel de Falla : Musiklehrer mit Spezialisierung auf Chordirigat\n<li>Chorleitungsseminare mit Maestro Marcelo Ortiz Rocca<\/li>\n<li>Klassischer Gesang mit den Lehrerinnen Mabel Moreno und Loreley L\u00f3pez<\/li>\n<br>\n<b>In Deutschland:<\/b>\n<li>Humboldt-Universit\u00e4t Berlin: Bachelor of Arts in Musikwissenschaft und Spanischer Sprache und Literatur<\/li>\n<li>Institut f\u00fcr Alte Musik Kloster Michaelstein Landesmusikakademie Sachsen-\nAnhalt: Chorleiterausbildung<\/li>\n<li>Institut f\u00fcr Elementare Musikp\u00e4dagogik (Berlin): Musikgartenseminare <\/li>\n<li>Landesmusikakademie Berlin: Chorleitung f\u00fcr Kinderch\u00f6re - verschiedene Workshops u.a. mit Prof. Christiane Wieblitz (Mozarteum). <\/li>\n<li>Chorleitung und lyrischer Gesang mit Prof. Barbara Fischer und Bertram Zwetschke.<\/li>\n<br>\n<b>In Spanien:<\/b>\n<li>Universit\u00e4t Ja\u00e9n: Master-Abschluss in Linguistik, angewandt auf den Unterricht von Spanisch als Fremdsprache<\/li>\n<br>\n<b>In der Schweiz:<\/b>\n<li>P\u00e4dagogische Hochschule St. Gallen: Certificate of Advances Studies in Music Pedagogy. CAS Musikalische Grundschule.<\/li>\n<li>Stimmbildung nach der Voice Functional Method mit Dr. Claudia Maul\u00e8on-St\u00e4heli.<\/li>\n<\/ul><\/div>\n\t\t<\/div><\/div><div id=\"panel-15708-4-0-2\" class=\"so-panel widget widget_gallery-images panel-last-child\" data-index=\"7\" ><div class=\"panel-widget-style panel-widget-style-for-15708-4-0-2\" ><div class=\"thim-widget-gallery-images template-base\"><\/div><\/div><\/div><\/div><\/div><div id=\"pg-15708-5\"  class=\"panel-grid panel-has-style\" ><div class=\"siteorigin-panels-stretch panel-row-style panel-row-style-for-15708-5\" id=\"about-circle-box\" data-stretch-type=\"full-width-stretch\" ><div id=\"pgc-15708-5-0\"  class=\"panel-grid-cell\" ><div id=\"panel-15708-5-0-0\" class=\"so-panel widget widget_text panel-first-child panel-last-child\" data-index=\"8\" ><div class=\"panel-widget-style panel-widget-style-for-15708-5-0-0\" >\t\t\t<div class=\"textwidget\"><div class=\" wrap-circle \">\n    <div class=\" border-circle \">\n        <a class=\"circle\" href=\"https:\/\/claudiademkura.com\/lp-courses\/\">Finde <strong>deinen Online-Kurs<\/strong><\/a>\n    <\/div>\n<\/div><\/div>\n\t\t<\/div><\/div><\/div><div id=\"pgc-15708-5-1\"  class=\"panel-grid-cell panel-grid-cell-empty\" ><\/div><div id=\"pgc-15708-5-2\"  class=\"panel-grid-cell\" ><div id=\"panel-15708-5-2-0\" class=\"so-panel widget widget_text panel-first-child panel-last-child\" data-index=\"9\" ><div class=\"panel-widget-style panel-widget-style-for-15708-5-2-0\" >\t\t\t<div class=\"textwidget\"><div class=\" wrap-circle \">\n    <div class=\" border-circle \">\n        <a class=\"circle\" href=\"https:\/\/claudiademkura.com\/contact\/\">Wie kann ich <strong>dir Helfen?<\/strong><\/a>\n    <\/div>\n<\/div>\n<\/div>\n\t\t<\/div><\/div><\/div><\/div><\/div><\/div>","protected":false},"excerpt":{"rendered":"<p>Ich bin Spezialistin f\u00fcr zweisprachige\/mehrsprachige Erziehung und musikalische F\u00f6rderung von Kleinkindern, ich singe vom ersten Moment an, wenn ich aufwache, und ich bin ein B\u00fccherwurm und liebe das Schreiben und Geschichtenerz\u00e4hlen. Ich bin nicht nur Lehrerin und Lehrerausbilderin, sondern auch [&hellip;]<\/p>\n","protected":false},"author":2,"featured_media":0,"parent":0,"menu_order":0,"comment_status":"closed","ping_status":"closed","template":"","meta":{"_bbp_topic_count":0,"_bbp_reply_count":0,"_bbp_total_topic_count":0,"_bbp_total_reply_count":0,"_bbp_voice_count":0,"_bbp_anonymous_reply_count":0,"_bbp_topic_count_hidden":0,"_bbp_reply_count_hidden":0,"_bbp_forum_subforum_count":0,"footnotes":""},"class_list":["post-15708","page","type-page","status-publish","hentry"],"_links":{"self":[{"href":"https:\/\/claudiademkura.com\/de\/wp-json\/wp\/v2\/pages\/15708","targetHints":{"allow":["GET"]}}],"collection":[{"href":"https:\/\/claudiademkura.com\/de\/wp-json\/wp\/v2\/pages"}],"about":[{"href":"https:\/\/claudiademkura.com\/de\/wp-json\/wp\/v2\/types\/page"}],"author":[{"embeddable":true,"href":"https:\/\/claudiademkura.com\/de\/wp-json\/wp\/v2\/users\/2"}],"replies":[{"embeddable":true,"href":"https:\/\/claudiademkura.com\/de\/wp-json\/wp\/v2\/comments?post=15708"}],"version-history":[{"count":1,"href":"https:\/\/claudiademkura.com\/de\/wp-json\/wp\/v2\/pages\/15708\/revisions"}],"predecessor-version":[{"id":15859,"href":"https:\/\/claudiademkura.com\/de\/wp-json\/wp\/v2\/pages\/15708\/revisions\/15859"}],"wp:attachment":[{"href":"https:\/\/claudiademkura.com\/de\/wp-json\/wp\/v2\/media?parent=15708"}],"curies":[{"name":"wp","href":"https:\/\/api.w.org\/{rel}","templated":true}]}}